{"id":42,"date":"2022-02-27T15:50:36","date_gmt":"2022-02-27T13:50:36","guid":{"rendered":"http:\/\/localhost:8000\/?page_id=42"},"modified":"2022-04-08T21:02:42","modified_gmt":"2022-04-08T18:02:42","slug":"minusta","status":"publish","type":"page","link":"https:\/\/businesspsychologist.fi\/?page_id=42","title":{"rendered":"Osaajat"},"content":{"rendered":"\n<h2>Lilli Sundvik<\/h2>\n\n\n\n<h3>Taustani<\/h3>\n\n\n\n<div class=\"wp-block-columns\">\n<div class=\"wp-block-column\" style=\"flex-basis:60%\">\n<p>Olen pitk\u00e4\u00e4n toiminut johtajana ja yritt\u00e4j\u00e4n\u00e4 asiantuntijaorganisaatiossa. Urani alussa olen toiminut HR:ss\u00e4, tehnyt ty\u00f6psykologian alan tutkimusta sek\u00e4 t\u00e4ll\u00e4 hetkell\u00e4 toimin p\u00e4\u00e4asiassa itsen\u00e4isen\u00e4 konsulttina, isoissa toimeksiannoissa valtakunnallisen psykologiverkostoni kanssa. <a href=\"https:\/\/fi.linkedin.com\/in\/lilli-sundvik-0856164\">Linkedin<\/a><\/p>\n\n\n\n<p>Erityisesti minua kiinnostavat organisaation transformaatiotilanteet ja miten niiss\u00e4 voidaan l\u00f6yt\u00e4\u00e4 ja tukea optimaalisesti henkil\u00f6iden tulevaisuuden potentiaalia. Koen erityisen innostavana toimeksiannot, joissa on tarkoituksenmukaista analysoida sellaista dataa, jolla p\u00e4\u00e4semme ennustamaan yksil\u00f6llist\u00e4 menestyst\u00e4 erilaisissa organisaation tilanteissa.<\/p>\n<\/div>\n\n\n\n<div class=\"wp-block-column\" style=\"flex-basis:40%\">\n<figure class=\"wp-block-image size-large is-resized\"><img loading=\"lazy\" src=\"http:\/\/localhost:8000\/wp-content\/uploads\/2022\/02\/LilliSundvik02-682x1024.jpg\" alt=\"\" class=\"wp-image-45\" width=\"231\" height=\"346\" srcset=\"https:\/\/businesspsychologist.fi\/wp-content\/uploads\/2022\/02\/LilliSundvik02-682x1024.jpg 682w, https:\/\/businesspsychologist.fi\/wp-content\/uploads\/2022\/02\/LilliSundvik02-200x300.jpg 200w, https:\/\/businesspsychologist.fi\/wp-content\/uploads\/2022\/02\/LilliSundvik02-768x1152.jpg 768w, https:\/\/businesspsychologist.fi\/wp-content\/uploads\/2022\/02\/LilliSundvik02-1024x1536.jpg 1024w, https:\/\/businesspsychologist.fi\/wp-content\/uploads\/2022\/02\/LilliSundvik02-1200x1800.jpg 1200w, https:\/\/businesspsychologist.fi\/wp-content\/uploads\/2022\/02\/LilliSundvik02.jpg 1333w\" sizes=\"(max-width: 231px) 100vw, 231px\" \/><\/figure>\n<\/div>\n<\/div>\n\n\n\n<h2>Mervi Puupponen<\/h2>\n\n\n\n<h3>Taustani<\/h3>\n\n\n\n<div class=\"wp-block-columns\">\n<div class=\"wp-block-column\" style=\"flex-basis:60%\">\n<p>Olen toiminut psykologina liike-el\u00e4m\u00e4ss\u00e4 yli 20 vuotta, joista yritt\u00e4j\u00e4n\u00e4 yli 10 vuotta. Urani aloitin Personnel \u2013yhti\u00f6iss\u00e4 henkil\u00f6st\u00f6konsulttina ja aluep\u00e4\u00e4llikk\u00f6n\u00e4. Oman yritykseni Competest Oy:n perustin 2007.\u00a0 Yritykseni toimi rekrytoinnin ja suorahaun sek\u00e4 henkil\u00f6arvioinnin parissa valtakunnallisesti. 2017 myin liiketoiminnan Psykologitoimisto Crescolle, jossa toimin 1,5 vuotta aluejohtajana. Lopetettuani Crescolla, olen palannut yritt\u00e4j\u00e4m\u00e4iseen toimintaan erilaisissa yhteisty\u00f6verkostoissa ja toimin ty\u00f6terveyspsykologina sek\u00e4 ty\u00f6psykologina henkil\u00f6arvioinneissa, sek\u00e4 p\u00e4\u00e4llikk\u00f6- ja johtotason coachina.<\/p>\n<\/div>\n\n\n\n<div class=\"wp-block-column\" style=\"flex-basis:40%\">\n<figure class=\"wp-block-image size-full\"><img loading=\"lazy\" width=\"277\" height=\"405\" src=\"http:\/\/businesspsychologist.fi\/wp-content\/uploads\/2022\/04\/image1-e1649440732642.jpg\" alt=\"\" class=\"wp-image-91\" srcset=\"https:\/\/businesspsychologist.fi\/wp-content\/uploads\/2022\/04\/image1-e1649440732642.jpg 277w, https:\/\/businesspsychologist.fi\/wp-content\/uploads\/2022\/04\/image1-e1649440732642-205x300.jpg 205w\" sizes=\"(max-width: 277px) 100vw, 277px\" \/><\/figure>\n<\/div>\n<\/div>\n\n\n\n<h3>Osaaminen<\/h3>\n\n\n\n<ul><li>Liiketoiminnan johtaminen<\/li><li>Henkil\u00f6arvioinnit<\/li><li>Henkil\u00f6kohtaisen kasvun tukeminen, coaching<\/li><\/ul>\n\n\n\n<blockquote class=\"wp-block-quote\"><p>Nautin ihmisten kohtaamisesta, oivalluttamisesta ja yksil\u00f6llisen potentiaalin tunnistamisesta. Minua innostaa auttaa yrityksi\u00e4 ja ihmisi\u00e4 kohti tiedostavampaa ja merkityksellisemp\u00e4\u00e4 toimintaa.<\/p><\/blockquote>\n","protected":false},"excerpt":{"rendered":"<p>Lilli Sundvik Taustani Olen pitk\u00e4\u00e4n toiminut johtajana ja yritt\u00e4j\u00e4n\u00e4 asiantuntijaorganisaatiossa. Urani alussa olen toiminut HR:ss\u00e4, tehnyt ty\u00f6psykologian alan tutkimusta sek\u00e4 t\u00e4ll\u00e4 hetkell\u00e4 toimin p\u00e4\u00e4asiassa itsen\u00e4isen\u00e4 konsulttina, isoissa toimeksiannoissa valtakunnallisen psykologiverkostoni kanssa. Linkedin Erityisesti minua kiinnostavat organisaation transformaatiotilanteet ja miten niiss\u00e4 voidaan l\u00f6yt\u00e4\u00e4 ja tukea optimaalisesti henkil\u00f6iden tulevaisuuden potentiaalia. Koen erityisen innostavana toimeksiannot, joissa on tarkoituksenmukaista [&hellip;]<\/p>\n","protected":false},"author":1,"featured_media":0,"parent":0,"menu_order":0,"comment_status":"closed","ping_status":"closed","template":"","meta":[],"_links":{"self":[{"href":"https:\/\/businesspsychologist.fi\/index.php?rest_route=\/wp\/v2\/pages\/42"}],"collection":[{"href":"https:\/\/businesspsychologist.fi\/index.php?rest_route=\/wp\/v2\/pages"}],"about":[{"href":"https:\/\/businesspsychologist.fi\/index.php?rest_route=\/wp\/v2\/types\/page"}],"author":[{"embeddable":true,"href":"https:\/\/businesspsychologist.fi\/index.php?rest_route=\/wp\/v2\/users\/1"}],"replies":[{"embeddable":true,"href":"https:\/\/businesspsychologist.fi\/index.php?rest_route=%2Fwp%2Fv2%2Fcomments&post=42"}],"version-history":[{"count":8,"href":"https:\/\/businesspsychologist.fi\/index.php?rest_route=\/wp\/v2\/pages\/42\/revisions"}],"predecessor-version":[{"id":96,"href":"https:\/\/businesspsychologist.fi\/index.php?rest_route=\/wp\/v2\/pages\/42\/revisions\/96"}],"wp:attachment":[{"href":"https:\/\/businesspsychologist.fi\/index.php?rest_route=%2Fwp%2Fv2%2Fmedia&parent=42"}],"curies":[{"name":"wp","href":"https:\/\/api.w.org\/{rel}","templated":true}]}}