{"id":19,"date":"2022-02-27T15:20:29","date_gmt":"2022-02-27T13:20:29","guid":{"rendered":"http:\/\/localhost:8000\/?page_id=19"},"modified":"2023-02-06T16:39:25","modified_gmt":"2023-02-06T14:39:25","slug":"etusivu","status":"publish","type":"page","link":"https:\/\/businesspsychologist.fi\/","title":{"rendered":"Etusivu"},"content":{"rendered":"\n<div class=\"wp-block-cover alignfull is-light banner-class\" style=\"min-height:676px\"><span aria-hidden=\"true\" class=\"has-background-dim-0 wp-block-cover__gradient-background has-background-dim\"><\/span><img loading=\"lazy\" width=\"2560\" height=\"1706\" class=\"wp-block-cover__image-background wp-image-107\" alt=\"\" src=\"https:\/\/businesspsychologist.fi\/wp-content\/uploads\/2022\/09\/DSF4576-scaled.jpg\" data-object-fit=\"cover\" srcset=\"https:\/\/businesspsychologist.fi\/wp-content\/uploads\/2022\/09\/DSF4576-scaled.jpg 2560w, https:\/\/businesspsychologist.fi\/wp-content\/uploads\/2022\/09\/DSF4576-300x200.jpg 300w, https:\/\/businesspsychologist.fi\/wp-content\/uploads\/2022\/09\/DSF4576-1024x683.jpg 1024w, https:\/\/businesspsychologist.fi\/wp-content\/uploads\/2022\/09\/DSF4576-768x512.jpg 768w, https:\/\/businesspsychologist.fi\/wp-content\/uploads\/2022\/09\/DSF4576-1536x1024.jpg 1536w, https:\/\/businesspsychologist.fi\/wp-content\/uploads\/2022\/09\/DSF4576-2048x1365.jpg 2048w, https:\/\/businesspsychologist.fi\/wp-content\/uploads\/2022\/09\/DSF4576-1200x800.jpg 1200w, https:\/\/businesspsychologist.fi\/wp-content\/uploads\/2022\/09\/DSF4576-1980x1320.jpg 1980w\" sizes=\"(max-width: 2560px) 100vw, 2560px\" \/><div class=\"wp-block-cover__inner-container\">\n<p class=\"has-text-align-center has-large-font-size\"><\/p>\n<\/div><\/div>\n\n\n\n<h2>Businesspsykologia<\/h2>\n\n\n\n<p><em>Mit\u00e4 on ty\u00f6- ja organisaatiopsykologia \u2013 tai tuttavallisemmin, businesspsykologia? Ala yhdist\u00e4\u00e4 psykologian tieteellist\u00e4 tietoa k\u00e4yt\u00e4nn\u00f6nl\u00e4heiseen soveltamiseen liiketoiminnassa. Palveluissani tuotan systemaattisella metodologialla psykologista tietoa, jonka avulla voidaan tehd\u00e4 valistuneita ihmisiin liittyvi\u00e4 liiketoimintap\u00e4\u00e4t\u00f6ksi\u00e4. P\u00e4\u00e4t\u00f6kset voivat koskea organisaation arkkitehtuuria, uusia tai nykyisi\u00e4 organisaation talentteja, heid\u00e4n kehitt\u00e4mist\u00e4\u00e4n ja tukemistaan.<\/em><\/p>\n\n\n\n<p>Yleisimmin k\u00e4ytetty palveluni on <em>henkil\u00f6arviointi.<\/em> Jos olet itse tulossa henkil\u00f6arviointiini tai jos olet ostamassa henkil\u00f6arviointipalveluita, kannattaa katsoa alla oleva lyhyt esittely henkil\u00f6arvioinnin tarkoituksesta, sis\u00e4ll\u00f6st\u00e4 ja menetelmist\u00e4.<\/p>\n\n\n\n<figure class=\"wp-block-embed is-type-video is-provider-youtube wp-block-embed-youtube wp-embed-aspect-16-9 wp-has-aspect-ratio\"><div class=\"wp-block-embed__wrapper\">\n<iframe loading=\"lazy\" title=\"Tyo\u0308psykologipalvelu Esittely\" width=\"580\" height=\"326\" src=\"https:\/\/www.youtube.com\/embed\/FJumbHHS80w?feature=oembed\" frameborder=\"0\" allow=\"accelerometer; autoplay; clipboard-write; encrypted-media; gyroscope; picture-in-picture; web-share\" allowfullscreen><\/iframe>\n<\/div><\/figure>\n","protected":false},"excerpt":{"rendered":"<p>Businesspsykologia Mit\u00e4 on ty\u00f6- ja organisaatiopsykologia \u2013 tai tuttavallisemmin, businesspsykologia? Ala yhdist\u00e4\u00e4 psykologian tieteellist\u00e4 tietoa k\u00e4yt\u00e4nn\u00f6nl\u00e4heiseen soveltamiseen liiketoiminnassa. Palveluissani tuotan systemaattisella metodologialla psykologista tietoa, jonka avulla voidaan tehd\u00e4 valistuneita ihmisiin liittyvi\u00e4 liiketoimintap\u00e4\u00e4t\u00f6ksi\u00e4. P\u00e4\u00e4t\u00f6kset voivat koskea organisaation arkkitehtuuria, uusia tai nykyisi\u00e4 organisaation talentteja, heid\u00e4n kehitt\u00e4mist\u00e4\u00e4n ja tukemistaan. Yleisimmin k\u00e4ytetty palveluni on henkil\u00f6arviointi. Jos olet itse tulossa [&hellip;]<\/p>\n","protected":false},"author":1,"featured_media":0,"parent":0,"menu_order":0,"comment_status":"closed","ping_status":"closed","template":"","meta":[],"_links":{"self":[{"href":"https:\/\/businesspsychologist.fi\/index.php?rest_route=\/wp\/v2\/pages\/19"}],"collection":[{"href":"https:\/\/businesspsychologist.fi\/index.php?rest_route=\/wp\/v2\/pages"}],"about":[{"href":"https:\/\/businesspsychologist.fi\/index.php?rest_route=\/wp\/v2\/types\/page"}],"author":[{"embeddable":true,"href":"https:\/\/businesspsychologist.fi\/index.php?rest_route=\/wp\/v2\/users\/1"}],"replies":[{"embeddable":true,"href":"https:\/\/businesspsychologist.fi\/index.php?rest_route=%2Fwp%2Fv2%2Fcomments&post=19"}],"version-history":[{"count":24,"href":"https:\/\/businesspsychologist.fi\/index.php?rest_route=\/wp\/v2\/pages\/19\/revisions"}],"predecessor-version":[{"id":123,"href":"https:\/\/businesspsychologist.fi\/index.php?rest_route=\/wp\/v2\/pages\/19\/revisions\/123"}],"wp:attachment":[{"href":"https:\/\/businesspsychologist.fi\/index.php?rest_route=%2Fwp%2Fv2%2Fmedia&parent=19"}],"curies":[{"name":"wp","href":"https:\/\/api.w.org\/{rel}","templated":true}]}}